{"id":5117,"date":"2021-11-02T11:00:35","date_gmt":"2021-11-02T11:00:35","guid":{"rendered":"http:\/\/algomaroc.com\/product\/pochette-de-4-surligneurs-avec-clip\/"},"modified":"2021-11-02T11:00:35","modified_gmt":"2021-11-02T11:00:35","slug":"pochette-de-4-surligneurs-avec-clip","status":"publish","type":"product","link":"http:\/\/algomaroc.com\/en\/product\/pochette-de-4-surligneurs-avec-clip\/","title":{"rendered":"Pochette de 4 surligneurs avec Clip"},"content":{"rendered":"<p>Pochette de 4 surligneurs avec Clip pointe biseaut\u00e9e assortis.<br \/>\nSa pointe biseaut\u00e9 permet d\u2019obtenir plusieurs largeurs de trac\u00e9 : de 1 \u00e0 5 mm. Encre \u00e0 base d\u2019eau.<br \/>\npeut rester ouvert jusqu&#8217;\u00e0 4 heures sans s\u00e9cher<br \/>\nPochette de 4 couleurs : vert, jaune, orange, rose.<br \/>\nIls seront parfaits pour vos travaux de journaling.<\/p>\n","protected":false},"excerpt":{"rendered":"<p>Pochette de 4 surligneurs avec Clip pointe biseaut\u00e9e assortis. Sa pointe biseaut\u00e9 permet d\u2019obtenir plusieurs largeurs de trac\u00e9 : de 1 \u00e0 5 mm. Encre \u00e0 base d\u2019eau. peut rester ouvert jusqu&#8217;\u00e0 4 heures sans s\u00e9cher Pochette de 4 couleurs : vert, jaune, orange, rose. Ils seront parfaits pour vos travaux de journaling.<\/p>\n","protected":false},"featured_media":0,"template":"","meta":[],"_links":{"self":[{"href":"http:\/\/algomaroc.com\/en\/wp-json\/wp\/v2\/product\/5117"}],"collection":[{"href":"http:\/\/algomaroc.com\/en\/wp-json\/wp\/v2\/product"}],"about":[{"href":"http:\/\/algomaroc.com\/en\/wp-json\/wp\/v2\/types\/product"}],"wp:attachment":[{"href":"http:\/\/algomaroc.com\/en\/wp-json\/wp\/v2\/media?parent=5117"}],"curies":[{"name":"wp","href":"https:\/\/api.w.org\/{rel}","templated":true}]}}