{"id":5081,"date":"2021-10-26T09:50:44","date_gmt":"2021-10-26T09:50:44","guid":{"rendered":"http:\/\/algomaroc.com\/product\/ciseaux-de-bureau-diamond\/"},"modified":"2021-10-29T15:21:08","modified_gmt":"2021-10-29T15:21:08","slug":"ciseaux-de-bureau-diamond","status":"publish","type":"product","link":"http:\/\/algomaroc.com\/en\/product\/ciseaux-de-bureau-diamond\/","title":{"rendered":"Ciseaux de bureau DIAMOND"},"content":{"rendered":"<h5>Ciseaux de bureau \u00c9dition Sp\u00e9ciale BASIC. Lames en acier inoxydable, \u00e0 pointes arrondies. Manche en plastique. Id\u00e9al pour un usage bureau.large 17,8 cm.<\/h5>\n<h5>Garantie de 6 ans. restez fort au-del\u00e0 de 100 000 coupes.<\/h5>\n<h5>Lames courbes avec une meilleure fonction de coupe.<\/h5>\n<h5>Poign\u00e9e de design sp\u00e9ciale plus confortable pour la coupe.<\/h5>\n<h5>L&#8217;acier INOXYDABLE \u00e0 haute teneur en carbone apporte une meilleure coupe et une dur\u00e9e de vie plus longue.<\/h5>\n<h5>Un meulage de bonne qualit\u00e9 rend la coupe plus lisse.<\/h5>\n","protected":false},"excerpt":{"rendered":"<p>Ciseaux de bureau \u00c9dition Sp\u00e9ciale BASIC. Lames en acier inoxydable, \u00e0 pointes arrondies. Manche en plastique. Id\u00e9al pour un usage bureau.large 17,8 cm. Garantie de 6 ans. restez fort au-del\u00e0 de 100 000 coupes. Lames courbes avec une meilleure fonction de coupe. Poign\u00e9e de design sp\u00e9ciale plus confortable pour la coupe. L&#8217;acier INOXYDABLE \u00e0 haute [&hellip;]<\/p>\n","protected":false},"featured_media":5070,"template":"","meta":[],"_links":{"self":[{"href":"http:\/\/algomaroc.com\/en\/wp-json\/wp\/v2\/product\/5081"}],"collection":[{"href":"http:\/\/algomaroc.com\/en\/wp-json\/wp\/v2\/product"}],"about":[{"href":"http:\/\/algomaroc.com\/en\/wp-json\/wp\/v2\/types\/product"}],"wp:featuredmedia":[{"embeddable":true,"href":"http:\/\/algomaroc.com\/en\/wp-json\/wp\/v2\/media\/5070"}],"wp:attachment":[{"href":"http:\/\/algomaroc.com\/en\/wp-json\/wp\/v2\/media?parent=5081"}],"curies":[{"name":"wp","href":"https:\/\/api.w.org\/{rel}","templated":true}]}}