{"id":5066,"date":"2021-10-26T09:08:39","date_gmt":"2021-10-26T09:08:39","guid":{"rendered":"http:\/\/algomaroc.com\/product\/ciseaux-de-bureau-basic\/"},"modified":"2021-10-29T15:38:47","modified_gmt":"2021-10-29T15:38:47","slug":"ciseaux-de-bureau-basic","status":"publish","type":"product","link":"http:\/\/algomaroc.com\/en\/product\/ciseaux-de-bureau-basic\/","title":{"rendered":"Office scissors BASIC"},"content":{"rendered":"<p>BASIC Special Edition office scissors. Stainless steel blades, rounded tips. Plastic handle. Ideal for office use. 19 cm wide.<br \/>\n6 year warranty. stay strong beyond 100,000 cuts.<br \/>\nCurved blades with better cutting function.<br \/>\nSpecial design handle more comfortable for cutting.<br \/>\nHigh carbon STAINLESS steel provides better fit and longer life.<br \/>\nGood quality grinding makes the cut smoother.<\/p>\n<p>&nbsp;<\/p>\n<div class=\"UdTY9 Yb6eTe\" aria-hidden=\"true\" data-location=\"2\">\n<div class=\"kO6q6e\"><\/div>\n<\/div>\n<div class=\"BdDRKe\">\n<div class=\"aJIq1d DSmisd\" data-language-code=\"fr\" data-language-name=\"Fran\u00e7ais\" data-text=\"GARANTIE DE 6 ANS. RESTEZ FORT AU-DEL\u00c0 DE 100 000 COUPES LAMES COURBES AVEC UNE MEILLEURE FONCTION DE COUPE POIGN\u00c9E DE DESING SP\u00c9CIALE PLUS CONFORTABLE POUR LA COUPE L'ACIER INOXYDABLE \u00c0 HAUTE TENEUR EN CARBONE APPORTE UNE MEILLEURE COUPE ET UNE DUR\u00c9E DE VIE PLUS LONGUE UN MEULAGE DE BONNE QUALIT\u00c9 REND LA COUPE PLUS LISSE\" data-crosslingual-hint=\"\" data-location=\"2\" data-enable-toggle-playback-speed=\"true\">\n<div data-show-delay-ms=\"250\" data-append-to-body=\"true\" data-propagate-tooltip-mouseover-events=\"true\" data-anchor-corner=\"bottom-left\" data-popup-corner=\"top-left\">\n<div><\/div>\n<\/div>\n<\/div>\n<\/div>\n<div class=\"aJIq1d DSmisd\" data-language-code=\"fr\" data-language-name=\"Fran\u00e7ais\" data-text=\"GARANTIE DE 6 ANS. RESTEZ FORT AU-DEL\u00c0 DE 100 000 COUPES LAMES COURBES AVEC UNE MEILLEURE FONCTION DE COUPE POIGN\u00c9E DE DESING SP\u00c9CIALE PLUS CONFORTABLE POUR LA COUPE L'ACIER INOXYDABLE \u00c0 HAUTE TENEUR EN CARBONE APPORTE UNE MEILLEURE COUPE ET UNE DUR\u00c9E DE VIE PLUS LONGUE UN MEULAGE DE BONNE QUALIT\u00c9 REND LA COUPE PLUS LISSE\" data-crosslingual-hint=\"\" data-location=\"2\" data-enable-toggle-playback-speed=\"true\">\n<div data-show-delay-ms=\"250\" data-append-to-body=\"true\" data-propagate-tooltip-mouseover-events=\"true\" data-anchor-corner=\"bottom-left\" data-popup-corner=\"top-left\"><\/div>\n<\/div>\n<div id=\"ow5723\" data-show-delay-ms=\"250\" data-append-to-body=\"true\" data-propagate-tooltip-mouseover-events=\"true\" data-anchor-corner=\"bottom-left\" data-popup-corner=\"top-left\">\n<div><\/div>\n<\/div>\n","protected":false},"excerpt":{"rendered":"<p>BASIC Special Edition office scissors. Stainless steel blades, rounded tips. Plastic handle. Ideal for office use. 19 cm wide. 6 year warranty. stay strong beyond 100,000 cuts. Curved blades with better cutting function. Special design handle more comfortable for cutting. High carbon STAINLESS steel provides better fit and longer life. Good quality grinding makes the [&hellip;]<\/p>\n","protected":false},"featured_media":5055,"template":"","meta":[],"_links":{"self":[{"href":"http:\/\/algomaroc.com\/en\/wp-json\/wp\/v2\/product\/5066"}],"collection":[{"href":"http:\/\/algomaroc.com\/en\/wp-json\/wp\/v2\/product"}],"about":[{"href":"http:\/\/algomaroc.com\/en\/wp-json\/wp\/v2\/types\/product"}],"wp:featuredmedia":[{"embeddable":true,"href":"http:\/\/algomaroc.com\/en\/wp-json\/wp\/v2\/media\/5055"}],"wp:attachment":[{"href":"http:\/\/algomaroc.com\/en\/wp-json\/wp\/v2\/media?parent=5066"}],"curies":[{"name":"wp","href":"https:\/\/api.w.org\/{rel}","templated":true}]}}