{"id":5021,"date":"2021-10-12T14:27:36","date_gmt":"2021-10-12T14:27:36","guid":{"rendered":"http:\/\/algomaroc.com\/product\/sac-a-dos-scolaire-10\/"},"modified":"2024-10-19T10:56:18","modified_gmt":"2024-10-19T10:56:18","slug":"sac-a-dos-scolaire-10","status":"publish","type":"product","link":"http:\/\/algomaroc.com\/en\/product\/sac-a-dos-scolaire-10\/","title":{"rendered":"Sac \u00e0 dos scolaire"},"content":{"rendered":"<h5>Sac \u00e0 dos scolaire. Avec 3 compartiments et une poche int\u00e9rieure de protection pour l\u2019ordinateur portable. Bretelles ajustables, partie dorsale matelass\u00e9e et respirante, base renforc\u00e9e.<\/h5>\n","protected":false},"excerpt":{"rendered":"<p>Sac \u00e0 dos scolaire. Avec 3 compartiments et une poche int\u00e9rieure de protection pour l\u2019ordinateur portable. Bretelles ajustables, partie dorsale matelass\u00e9e et respirante, base renforc\u00e9e.<\/p>\n","protected":false},"featured_media":4987,"template":"","meta":[],"_links":{"self":[{"href":"http:\/\/algomaroc.com\/en\/wp-json\/wp\/v2\/product\/5021"}],"collection":[{"href":"http:\/\/algomaroc.com\/en\/wp-json\/wp\/v2\/product"}],"about":[{"href":"http:\/\/algomaroc.com\/en\/wp-json\/wp\/v2\/types\/product"}],"wp:featuredmedia":[{"embeddable":true,"href":"http:\/\/algomaroc.com\/en\/wp-json\/wp\/v2\/media\/4987"}],"wp:attachment":[{"href":"http:\/\/algomaroc.com\/en\/wp-json\/wp\/v2\/media?parent=5021"}],"curies":[{"name":"wp","href":"https:\/\/api.w.org\/{rel}","templated":true}]}}