{"id":4657,"date":"2021-01-23T22:43:46","date_gmt":"2021-01-23T22:43:46","guid":{"rendered":"http:\/\/algomaroc.com\/product\/ciseaux-scolaire-magic-edition-speciale\/"},"modified":"2021-04-26T15:06:11","modified_gmt":"2021-04-26T15:06:11","slug":"ciseaux-scolaire-magic-edition-speciale","status":"publish","type":"product","link":"http:\/\/algomaroc.com\/en\/product\/ciseaux-scolaire-magic-edition-speciale\/","title":{"rendered":"Ciseaux scolaire Magic Edition Sp\u00e9ciale"},"content":{"rendered":"<table width=\"536\">\n<tbody>\n<tr>\n<td style=\"font-weight: 400;\" width=\"536\">\n<h5>Ciseaux \u00c9dition Sp\u00e9ciale Magic avec \u00e9tui Case. Lames en acier inoxydable, \u00e0 pointes arrondies. Manche en plastique. Id\u00e9al pour un usage scolaire. Couleur gris et orange ou rose. 13,2 cm.<\/h5>\n<\/td>\n<\/tr>\n<\/tbody>\n<\/table>\n","protected":false},"excerpt":{"rendered":"<p>Ciseaux \u00c9dition Sp\u00e9ciale Magic avec \u00e9tui Case. Lames en acier inoxydable, \u00e0 pointes arrondies. Manche en plastique. Id\u00e9al pour un usage scolaire. Couleur gris et orange ou rose. 13,2 cm.<\/p>\n","protected":false},"featured_media":3109,"template":"","meta":[],"_links":{"self":[{"href":"http:\/\/algomaroc.com\/en\/wp-json\/wp\/v2\/product\/4657"}],"collection":[{"href":"http:\/\/algomaroc.com\/en\/wp-json\/wp\/v2\/product"}],"about":[{"href":"http:\/\/algomaroc.com\/en\/wp-json\/wp\/v2\/types\/product"}],"wp:featuredmedia":[{"embeddable":true,"href":"http:\/\/algomaroc.com\/en\/wp-json\/wp\/v2\/media\/3109"}],"wp:attachment":[{"href":"http:\/\/algomaroc.com\/en\/wp-json\/wp\/v2\/media?parent=4657"}],"curies":[{"name":"wp","href":"https:\/\/api.w.org\/{rel}","templated":true}]}}